{"id":6077,"date":"2018-10-11T08:33:47","date_gmt":"2018-10-11T08:33:47","guid":{"rendered":"http:\/\/www.dyercheltenham.co.uk\/hu\/?page_id=6077"},"modified":"2018-11-02T21:40:44","modified_gmt":"2018-11-02T21:40:44","slug":"awards","status":"publish","type":"page","link":"https:\/\/groupdyer.com\/hu\/awards\/","title":{"rendered":"D\u00edjak"},"content":{"rendered":"[vc_row el_class=&#8221;serviceDescItem&#8221;][vc_column el_class=&#8221;wrapper&#8221;][vc_row_inner el_class=&#8221;wrapper&#8221;][vc_column_inner el_class=&#8221;serviceDescThumb&#8221; width=&#8221;1\/2&#8243; css=&#8221;.vc_custom_1478769012984{padding-right: 40px !important;}&#8221;][vc_single_image image=&#8221;6262&#8243; img_size=&#8221;full&#8221;][\/vc_column_inner][vc_column_inner el_class=&#8221;serviceDescText&#8221; width=&#8221;1\/2&#8243; css=&#8221;.vc_custom_1478769017559{padding-left: 40px !important;}&#8221;][vc_custom_heading text=&#8221;EUROPEAN PROPERTY AWARDS 2018 \u2013 PRIME PARK LAK\u00d3\u00c9P\u00dcLET-EGY\u00dcTTES&#8221; font_container=&#8221;tag:h4|text_align:left|line_height:130%25&#8243; use_theme_fonts=&#8221;yes&#8221;][vc_column_text]A Dyer megnyerte az European Property Awards d\u00edjakat a k\u00f6vetkez\u0151 kateg\u00f3ri\u00e1kban:<\/p>\n<p>-\u201e\u00c9p\u00edt\u00e9szet \u2013 Felh\u0151karcol\u00f3 l\u00e9pt\u00e9k\u0171 Lak\u00f3funkci\u00f3\u201d kateg\u00f3ria a Prime Park projekttel<br \/>\n-\u201eBels\u0151\u00e9p\u00edt\u00e9szet \u2013 Bemutat\u00f3lak\u00e1s\u201d kateg\u00f3ria a Prime Park projekttel<\/p>\n<p>A d\u00edjak c\u00e9lja kiemelked\u0151 p\u00e9ld\u00e1k elismer\u00e9se \u00e9s a magas min\u0151s\u00e9g \u00f6szt\u00f6nz\u00e9se vil\u00e1gszerte az ingatlan \u00fczlet\u00e1g ter\u00fclet\u00e9n.<\/p>\n<p>A hivatalos d\u00edj\u00e1tad\u00f3 a The Royal Lancaster Hotelben, Londonban ker\u00fclt megrendez\u00e9sre 2018. okt\u00f3ber 25-\u00e9n.<\/p>\n<p>&nbsp;<\/p>\n<p>A d\u00edj\u00e1tad\u00f3 emellett mindig \u00f6sszehozza a vezet\u0151 ingatlanfejleszt\u0151 c\u00e9geket, \u00a0\u00fcgyvezet\u0151 igazgat\u00f3kat, CEO-kat \u00e9s vezet\u0151 menedzsereket \u2013 azaz az igazi d\u00f6nt\u00e9shoz\u00f3kat.[\/vc_column_text][\/vc_column_inner][\/vc_row_inner][\/vc_column][\/vc_row][vc_row el_class=&#8221;serviceDescItem rightOrientation&#8221; css=&#8221;.vc_custom_1539594345955{background-color: #f6f6f5 !important;}&#8221;][vc_column el_class=&#8221;wrapper&#8221;][vc_row_inner el_class=&#8221;wrapper&#8221;][vc_column_inner el_class=&#8221;serviceDescText&#8221; width=&#8221;1\/2&#8243; css=&#8221;.vc_custom_1478769017559{padding-left: 40px !important;}&#8221;][vc_custom_heading text=&#8221;KIA BELS\u0150\u00c9P\u00cdT\u00c9SZETI D\u00cdJ 2015 \u2013 MULTISPACE IRODA&#8221; font_container=&#8221;tag:h4|text_align:right|line_height:130%25&#8243; use_theme_fonts=&#8221;yes&#8221;][vc_column_text]Nagy \u00f6r\u00f6m\u00fcnkre szolg\u00e1l, hogy a Dyer tagja lehetett annak a tervez\u0151csapatnak, amelyiknek lehet\u0151s\u00e9ge ny\u00edlt r\u00e9szt venni az egyed\u00fcl\u00e1ll\u00f3 MULTISPACE l\u00e9trehoz\u00e1s\u00e1ban. A MULTISPACE egy leny\u0171g\u00f6z\u0151, 6 500 m2-es coworking t\u00e9r a kazahszt\u00e1ni Asztan\u00e1ban tal\u00e1lhat\u00f3 Astana Bev\u00e1s\u00e1rl\u00f3- \u00e9s Sz\u00f3rakoztat\u00f3 K\u00f6zpont harmadik emelet\u00e9n.<\/p>\n<p>A feladat olyan egyedi hely l\u00e9trehoz\u00e1sa volt, amely hat\u00e1ssal van az ott dolgoz\u00f3k munkam\u00f3dszer\u00e9re, \u00e9s v\u00e1ltoz\u00e1sokat hoz abban, hogyan fognak feladataikhoz.<\/p>\n<p>Ezt az elk\u00e9pzel\u00e9st a MULTISPACE sikeresen megval\u00f3s\u00edtotta, amit az is bizony\u00edt, hogy nemr\u00e9g elnyerte a rangos Kazikhstan Interior Award 2015 elismer\u00e9s\u00e9t (Kazahszt\u00e1ni Bels\u0151\u00e9p\u00edt\u00e9szeti D\u00edj 2015).[\/vc_column_text][\/vc_column_inner][vc_column_inner el_class=&#8221;serviceDescThumb&#8221; width=&#8221;1\/2&#8243; css=&#8221;.vc_custom_1478769012984{padding-right: 40px !important;}&#8221;][vc_single_image image=&#8221;6157&#8243; img_size=&#8221;full&#8221;][\/vc_column_inner][\/vc_row_inner][\/vc_column][\/vc_row][vc_row el_class=&#8221;serviceDescItem&#8221;][vc_column el_class=&#8221;wrapper&#8221;][vc_row_inner el_class=&#8221;wrapper&#8221;][vc_column_inner el_class=&#8221;serviceDescThumb&#8221; width=&#8221;1\/2&#8243; css=&#8221;.vc_custom_1478769012984{padding-right: 40px !important;}&#8221;][vc_single_image image=&#8221;6086&#8243; img_size=&#8221;full&#8221;][\/vc_column_inner][vc_column_inner el_class=&#8221;serviceDescText&#8221; width=&#8221;1\/2&#8243; css=&#8221;.vc_custom_1478769017559{padding-left: 40px !important;}&#8221;][vc_custom_heading text=&#8221;CRE AWARDS, MOSCOW 2013 &#8211; OZ MALL, KRASNODAR&#8221; font_container=&#8221;tag:h4|text_align:left|line_height:130%25&#8243; use_theme_fonts=&#8221;yes&#8221;][vc_column_text]A Krasznodarban megval\u00f3sult OZ Mall projektet 2013-ban a Commercial Real Estate Moscow Awards (Moszkvai Kereskedelmi Ingatlanok D\u00edja) a \u201ek\u00fcl\u00f6n\u00f6sen nagy kereskedelmi k\u00f6zpont\u201d kateg\u00f3ri\u00e1ban kiosztott rangos d\u00edjjal ismerte el. A Dyer \u00e1ltal az AIM ingatlanfejleszt\u0151 c\u00e9g sz\u00e1m\u00e1ra megtervezett, a t\u00f6r\u00f6k kivitelez\u0151, a Renaissance Construction \u00e1ltal meg\u00e9p\u00edtett 227 000 m2-es bev\u00e1s\u00e1rl\u00f3- \u00e9s sz\u00f3rakoztat\u00f3 k\u00f6zpont a legnagyobb multifunkcion\u00e1lis komplexum D\u00e9l-Oroszorsz\u00e1gban, amely h\u00e1rom tekint\u00e9lyes d\u00edjat is bezsebelt a 2013-as CRE Moscow Awards d\u00edj\u00e1tad\u00f3j\u00e1n:<\/p>\n<p>\u201cA legjobb k\u00fcl\u00f6n\u00f6sen nagy bev\u00e1s\u00e1rl\u00f3k\u00f6zpont\u201d<br \/>\n\u201cDeal of the Year \u2013 b\u00e9rl\u0151 \u2013 kereskedelmi ingatlan\u201d d\u00edj a most bemutatkoz\u00f3 \u201cAnna Potapova\u201d flagship store sz\u00e1m\u00e1ra<br \/>\nezenk\u00edv\u00fcl a Dyer-nek szavazt\u00e1k meg \u201eAz \u00e9v legjobb kiskereskedelmi tervez\u0151je\u201d d\u00edjat is<br \/>\nA d\u00edjakat 2013. \u00e1prilis 18-\u00e1n Moszkv\u00e1ban, a CRE Moscow Awards 10. alkalommal megrendezett g\u00e1lavacsor\u00e1j\u00e1n adt\u00e1k \u00e1t. A nagy esem\u00e9ny t\u00f6bb mint 800 r\u00e9sztvev\u0151t vonzott az orosz diz\u00e1jn \u00e9s \u00e9p\u00edt\u0151ipar minden ter\u00fclet\u00e9r\u0151l.[\/vc_column_text][\/vc_column_inner][\/vc_row_inner][\/vc_column][\/vc_row][vc_row el_class=&#8221;serviceDescItem rightOrientation&#8221; css=&#8221;.vc_custom_1478768550220{background-color: #f6f6f5 !important;}&#8221;][vc_column el_class=&#8221;wrapper&#8221;][vc_row_inner el_class=&#8221;wrapper&#8221;][vc_column_inner el_class=&#8221;serviceDescText&#8221; width=&#8221;1\/2&#8243; css=&#8221;.vc_custom_1478769051900{padding-right: 40px !important;}&#8221;][vc_custom_heading text=&#8221;Tov\u00e1bbi d\u00edjak&#8221; font_container=&#8221;tag:h4|text_align:right&#8221; use_theme_fonts=&#8221;yes&#8221;][vc_column_text]\n<ul>\n<li>Dyer nominated for Sport &amp; Leisure Architect of the Year 2008<\/li>\n<li>Dyer has been voted one of top 100 architects\u2019 practices in the UK &#8211; 2007&amp; 2008 and Business Achiever of the Year 2007<\/li>\n<li>Dyer listed in Building Top 50 Employer Guide two years running 2007 &amp;\u00a0 2008<\/li>\n<li>The Eltham Centre nominated for public Building of the Year 2009<\/li>\n<li>The Eltham Centre, Greenwich and Xcel Leisure Centre, Coventry, both shortlisted for Civic Building of the Year 2009<\/li>\n<li>Downham Health &amp; Leisure Centre shortlisted for Civic Trust Awards<\/li>\n<li>Built-in quality awards 2009 Dyer for best architect of the year for Winsford Centre, Cheshire<\/li>\n<\/ul>\n[\/vc_column_text][\/vc_column_inner][vc_column_inner el_class=&#8221;serviceDescThumb&#8221; width=&#8221;1\/2&#8243; css=&#8221;.vc_custom_1478769047160{padding-left: 40px !important;}&#8221;][vc_single_image image=&#8221;6070&#8243; img_size=&#8221;full&#8221;][\/vc_column_inner][\/vc_row_inner][\/vc_column][\/vc_row]\n","protected":false},"excerpt":{"rendered":"<p>[vc_row el_class=&#8221;serviceDescItem&#8221;][vc_column el_class=&#8221;wrapper&#8221;][vc_row_inner el_class=&#8221;wrapper&#8221;][vc_column_inner el_class=&#8221;serviceDescThumb&#8221; width=&#8221;1\/2&#8243; css=&#8221;.vc_custom_1478769012984{padding-right: 40px !important;}&#8221;][vc_single_image image=&#8221;6262&#8243; img_size=&#8221;full&#8221;][\/vc_column_inner][vc_column_inner el_class=&#8221;serviceDescText&#8221; width=&#8221;1\/2&#8243; css=&#8221;.vc_custom_1478769017559{padding-left: 40px !important;}&#8221;][vc_custom_heading text=&#8221;EUROPEAN PROPERTY AWARDS 2018 \u2013 PRIME PARK LAK\u00d3\u00c9P\u00dcLET-EGY\u00dcTTES&#8221; font_container=&#8221;tag:h4|text_align:left|line_height:130%25&#8243; use_theme_fonts=&#8221;yes&#8221;][vc_column_text]A Dyer megnyerte az European Property Awards d\u00edjakat a k\u00f6vetkez\u0151 kateg\u00f3ri\u00e1kban: -\u201e\u00c9p\u00edt\u00e9szet \u2013 Felh\u0151karcol\u00f3 l\u00e9pt\u00e9k\u0171 Lak\u00f3funkci\u00f3\u201d kateg\u00f3ria a Prime Park projekttel -\u201eBels\u0151\u00e9p\u00edt\u00e9szet \u2013 Bemutat\u00f3lak\u00e1s\u201d kateg\u00f3ria a Prime Park projekttel A d\u00edjak c\u00e9lja kiemelked\u0151 p\u00e9ld\u00e1k elismer\u00e9se&#8230;<\/p>\n","protected":false},"author":1,"featured_media":0,"parent":0,"menu_order":0,"comment_status":"closed","ping_status":"closed","template":"templ-contact.php","meta":[],"aioseo_notices":[],"_links":{"self":[{"href":"https:\/\/groupdyer.com\/hu\/wp-json\/wp\/v2\/pages\/6077"}],"collection":[{"href":"https:\/\/groupdyer.com\/hu\/wp-json\/wp\/v2\/pages"}],"about":[{"href":"https:\/\/groupdyer.com\/hu\/wp-json\/wp\/v2\/types\/page"}],"author":[{"embeddable":true,"href":"https:\/\/groupdyer.com\/hu\/wp-json\/wp\/v2\/users\/1"}],"replies":[{"embeddable":true,"href":"https:\/\/groupdyer.com\/hu\/wp-json\/wp\/v2\/comments?post=6077"}],"version-history":[{"count":16,"href":"https:\/\/groupdyer.com\/hu\/wp-json\/wp\/v2\/pages\/6077\/revisions"}],"predecessor-version":[{"id":6271,"href":"https:\/\/groupdyer.com\/hu\/wp-json\/wp\/v2\/pages\/6077\/revisions\/6271"}],"wp:attachment":[{"href":"https:\/\/groupdyer.com\/hu\/wp-json\/wp\/v2\/media?parent=6077"}],"curies":[{"name":"wp","href":"https:\/\/api.w.org\/{rel}","templated":true}]}}