{"id":5122,"date":"2016-02-17T07:08:25","date_gmt":"2016-02-17T07:08:25","guid":{"rendered":"http:\/\/www.dyercheltenham.co.uk\/hu\/dyer-tech\/"},"modified":"2018-11-06T16:58:50","modified_gmt":"2018-11-06T16:58:50","slug":"dyer-tech","status":"publish","type":"page","link":"https:\/\/groupdyer.com\/hu\/dyer-tech\/","title":{"rendered":"Dyer tech"},"content":{"rendered":"[vc_row el_class=&#8221;serviceDescItem rightOrientation&#8221; css=&#8221;.vc_custom_1539937948552{background-color: #ffffff !important;}&#8221;][vc_column el_class=&#8221;wrapper&#8221;][vc_row_inner el_class=&#8221;wrapper&#8221;][vc_column_inner el_class=&#8221;serviceDescText&#8221; width=&#8221;1\/2&#8243; css=&#8221;.vc_custom_1478769017559{padding-left: 40px !important;}&#8221;][vc_custom_heading text=&#8221;\u00c9p\u00fcletinform\u00e1ci\u00f3s modellez\u00e9s (BIM)&#8221; font_container=&#8221;tag:h4|text_align:right&#8221; use_theme_fonts=&#8221;yes&#8221;][vc_column_text]A BIM alap\u00fa modellez\u00e9s nem napjaink tal\u00e1lm\u00e1nya. Mi\u00f3ta a tervez\u0151programokkal 3D-s elemeket tudunk alkotni, folyamatosan a legt\u00f6bbet igyeksz\u00fcnk hasznos\u00edtani bel\u0151le, ugyanis ezzel \u00e9rhet\u0151 el a t\u00f6k\u00e9letes azonoss\u00e1g (virtu\u00e1lis modellre \u00e9p\u00fcl\u0151) tervek \u00e9s megval\u00f3sult objektum k\u00f6z\u00f6tt. DYER LOD-dal megalkottuk a saj\u00e1t BIM szintjeinket (LOD=Level of Development), melyek k\u00f6vetik a nemzetk\u00f6zi ir\u00e1nyzatokat.[\/vc_column_text][\/vc_column_inner][vc_column_inner el_class=&#8221;serviceDescThumb&#8221; width=&#8221;1\/2&#8243; css=&#8221;.vc_custom_1478769012984{padding-right: 40px !important;}&#8221;][vc_single_image image=&#8221;6200&#8243; img_size=&#8221;full&#8221;][\/vc_column_inner][\/vc_row_inner][\/vc_column][\/vc_row][vc_row el_class=&#8221;serviceDescItem&#8221; css=&#8221;.vc_custom_1539937623555{background-color: #f6f6f5 !important;}&#8221;][vc_column el_class=&#8221;wrapper&#8221;][vc_row_inner el_class=&#8221;wrapper&#8221;][vc_column_inner el_class=&#8221;serviceDescThumb&#8221; width=&#8221;1\/2&#8243; css=&#8221;.vc_custom_1478769047160{padding-left: 40px !important;}&#8221;][vc_single_image image=&#8221;6119&#8243; img_size=&#8221;full&#8221;][\/vc_column_inner][vc_column_inner el_class=&#8221;serviceDescText&#8221; width=&#8221;1\/2&#8243; css=&#8221;.vc_custom_1478769051900{padding-right: 40px !important;}&#8221;][vc_custom_heading text=&#8221;Fenntarthat\u00f3 \u00e9p\u00edt\u00e9szet&#8221; font_container=&#8221;tag:h4|text_align:left&#8221; use_theme_fonts=&#8221;yes&#8221;][vc_column_text]Mi \u00fagy tekint\u00fcnk a fenntarthat\u00f3 elvek szerinti tervez\u00e9sre, mint egy hossz\u00fa \u00fatra, nem \u00fagy, mint egy egyszeri esem\u00e9nyre. A mi megk\u00f6zel\u00edt\u00e9s\u00fcnkben az alapul szolg\u00e1l\u00f3 \u00fati t\u00e9rk\u00e9p a mai ismereteinkre \u00e9p\u00fcl, de figyelembe kell venn\u00fcnk, mit hozhat a j\u00f6v\u0151. Nem szeretn\u00e9nk \u00dcgyfeleinket olyan ter\u00fcletre kalauzolni, ahol m\u00e9g mi sem j\u00e1rtunk, ez\u00e9rt az \u00fatt\u00f6r\u0151 technik\u00e1kat \u00e9s technol\u00f3gi\u00e1kat minden esetben alaposan tesztelj\u00fck, miel\u0151tt be\u00e9p\u00edtj\u00fck projektjeinkbe.<\/p>\n<p>Egyik kor\u00e1bbi projekt\u00fcnk, a sk\u00f3ciai Queen Margaret Egyetem \u201eexcellent\u201d BREEAM min\u0151s\u00edt\u00e9st kapott.[\/vc_column_text][\/vc_column_inner][\/vc_row_inner][\/vc_column][\/vc_row][vc_row el_class=&#8221;serviceDescItem rightOrientation&#8221; css=&#8221;.vc_custom_1539938008329{background-color: #ffffff !important;}&#8221;][vc_column el_class=&#8221;wrapper&#8221;][vc_row_inner el_class=&#8221;wrapper&#8221;][vc_column_inner el_class=&#8221;serviceDescText&#8221; width=&#8221;1\/2&#8243; css=&#8221;.vc_custom_1478769057503{padding-left: 40px !important;}&#8221;][vc_custom_heading text=&#8221;Kiterjesztett val\u00f3s\u00e1g&#8221; font_container=&#8221;tag:h4|text_align:right&#8221; use_theme_fonts=&#8221;yes&#8221;][vc_column_text]Az Augmented Reality (AR) azaz kiterjesztett val\u00f3s\u00e1g napjaink technol\u00f3gi\u00e1ja, mely t\u00f6megkoncepci\u00f3khoz, \u00e9p\u00fcletmodellekhez vagy v\u00e1rostervekhez ny\u00fajt \u00faj \u00e9lm\u00e9nyt. B\u00e1rmely fejleszt\u00e9s megtekinthet\u0151 360 fokos n\u00e9zetben kiz\u00e1r\u00f3lag s\u00edkbeli tervek szkennel\u00e9s\u00e9vel telefonon vagy tableten.[\/vc_column_text][\/vc_column_inner][vc_column_inner el_class=&#8221;serviceDescThumb&#8221; width=&#8221;1\/2&#8243; css=&#8221;.vc_custom_1478769064102{padding-right: 40px !important;}&#8221;][vc_single_image image=&#8221;4049&#8243; img_size=&#8221;full&#8221;][\/vc_column_inner][\/vc_row_inner][\/vc_column][\/vc_row][vc_row el_class=&#8221;serviceDescItem&#8221; css=&#8221;.vc_custom_1539937684303{background-color: #f6f6f5 !important;}&#8221;][vc_column el_class=&#8221;wrapper&#8221;][vc_row_inner el_class=&#8221;wrapper&#8221;][vc_column_inner el_class=&#8221;serviceDescThumb&#8221; width=&#8221;1\/2&#8243; css=&#8221;.vc_custom_1478769109693{padding-left: 40px !important;}&#8221;][vc_single_image image=&#8221;3695&#8243; img_size=&#8221;full&#8221;][\/vc_column_inner][vc_column_inner el_class=&#8221;serviceDescText&#8221; width=&#8221;1\/2&#8243; css=&#8221;.vc_custom_1478769104856{padding-right: 40px !important;}&#8221;][vc_custom_heading text=&#8221;Virtu\u00e1lis val\u00f3s\u00e1g&#8221; font_container=&#8221;tag:h4|text_align:left&#8221; use_theme_fonts=&#8221;yes&#8221;][vc_column_text]A Dyer \u00faj technol\u00f3gi\u00e1kba fektetett annak \u00e9rdek\u00e9ben, hogy a leg\u00e9letszer\u0171bb \u00e9lm\u00e9nyt tudja k\u00f6zvet\u00edteni a megrendel\u0151inek az \u00e9p\u00edt\u00e9szeti vizualiz\u00e1ci\u00f3 vil\u00e1g\u00e1ban. Az \u00e1ltalunk k\u00e9sz\u00edtett virtu\u00e1lis modellek megtekinthet\u0151k mobil alkalmaz\u00e1sokkal \u00e9s k\u00fcl\u00f6nb\u00f6z\u0151 VR szem\u00fcvegekkel. Ez a technol\u00f3gia virtu\u00e1lisan val\u00f3sk\u00e9nt mutatja az adott modellt. A Dyer folyamatosan fejleszti az eszk\u00f6z\u00f6ket, hogy a leny\u0171g\u00f6z\u0151 VR \u00e9lm\u00e9ny el\u00e9rhet\u0151 legyen b\u00e1rkinek, b\u00e1rhol.[\/vc_column_text][\/vc_column_inner][\/vc_row_inner][\/vc_column][\/vc_row][vc_row el_class=&#8221;serviceDescItem rightOrientation&#8221; css=&#8221;.vc_custom_1539938008329{background-color: #ffffff !important;}&#8221;][vc_column el_class=&#8221;wrapper&#8221;][vc_row_inner el_class=&#8221;wrapper&#8221;][vc_column_inner el_class=&#8221;serviceDescText&#8221; width=&#8221;1\/2&#8243; css=&#8221;.vc_custom_1478769057503{padding-left: 40px !important;}&#8221;][vc_custom_heading text=&#8221;PARAMETRIKUS MODELLEZ\u00c9S&#8221; font_container=&#8221;tag:h4|text_align:right&#8221; use_theme_fonts=&#8221;yes&#8221;][vc_column_text]A parametrikus modellez\u0151 eszk\u00f6z\u00f6k seg\u00edtenek a generat\u00edv, algoritmuson alapul\u00f3 testek, fel\u00fcletek megtervez\u00e9s\u00e9ben, melyek k\u00f6nnyen m\u00f3dos\u00edthat\u00f3ak b\u00e1rmelyik st\u00e1diumban is j\u00e1rjunk a tervez\u00e9s sor\u00e1n. Ezek a rendszerek seg\u00edtenek be\u00e9p\u00edteni r\u00e9szlegesen vagy teljesen \u00f6nm\u0171k\u00f6d\u0151 design elemeket, attractor alap\u00fa r\u00e9szleteket, gy\u00e1rt\u00e1sra k\u00e9sz geometri\u00e1t \u00e9s m\u00e9g annyi mindent.<\/p>\n<p>A kort\u00e1rs \u00e9p\u00edt\u00e9szet l\u00e1that\u00f3an a futurisztikus, hat\u00e9kony \u00e9s leny\u0171g\u00f6z\u0151 form\u00e1k ir\u00e1ny\u00e1ba halad, melyeket egyre ink\u00e1bb t\u00e1mogatnak a modern kivitelez\u00e9si technol\u00f3gi\u00e1k \u00e9s \u00e9p\u00edt\u00e9si anyagok\u2026\u00e9s term\u00e9szetesen a parametrikus tervez\u00e9s.[\/vc_column_text][\/vc_column_inner][vc_column_inner el_class=&#8221;serviceDescThumb&#8221; width=&#8221;1\/2&#8243; css=&#8221;.vc_custom_1478769064102{padding-right: 40px !important;}&#8221;][vc_single_image image=&#8221;6126&#8243; img_size=&#8221;full&#8221;][\/vc_column_inner][\/vc_row_inner][\/vc_column][\/vc_row][vc_row el_class=&#8221;serviceDescItem&#8221; css=&#8221;.vc_custom_1539937698662{background-color: #f6f6f5 !important;}&#8221;][vc_column el_class=&#8221;wrapper&#8221;][vc_row_inner el_class=&#8221;wrapper&#8221;][vc_column_inner el_class=&#8221;serviceDescThumb&#8221; width=&#8221;1\/2&#8243; css=&#8221;.vc_custom_1478769012984{padding-right: 40px !important;}&#8221;][vc_single_image image=&#8221;3793&#8243; img_size=&#8221;full&#8221;][\/vc_column_inner][vc_column_inner el_class=&#8221;serviceDescText&#8221; width=&#8221;1\/2&#8243; css=&#8221;.vc_custom_1478769017559{padding-left: 40px !important;}&#8221;][vc_custom_heading text=&#8221;\u00c9p\u00edt\u00e9szeti anim\u00e1ci\u00f3&#8221; font_container=&#8221;tag:h4|text_align:left&#8221; use_theme_fonts=&#8221;yes&#8221;][vc_column_text]A Dyer minden t\u00edpus\u00fa projekthez k\u00e9sz\u00edt bels\u0151 \u00e9s k\u00fcls\u0151 3D anim\u00e1ci\u00f3s bej\u00e1r\u00e1sokat, filmeket v\u00e1ltozatos n\u00e9zetekkel \u00e9s lefedve a megrendel\u0151i specifik\u00e1ci\u00f3t az utols\u00f3 r\u00e9szletekig.[\/vc_column_text][\/vc_column_inner][\/vc_row_inner][\/vc_column][\/vc_row][vc_row el_class=&#8221;serviceDescItem&#8221; css=&#8221;.vc_custom_1539268512148{background-color: #ffffff !important;}&#8221;][vc_column el_class=&#8221;wrapper&#8221;][vc_row_inner el_class=&#8221;wrapper&#8221;][vc_column_inner el_class=&#8221;serviceDescText&#8221; width=&#8221;1\/2&#8243; css=&#8221;.vc_custom_1478769121857{padding-left: 40px !important;}&#8221;][vc_custom_heading text=&#8221;360\u00b0 panor\u00e1ma n\u00e9zetek&#8221; font_container=&#8221;tag:h4|text_align:right&#8221; use_theme_fonts=&#8221;yes&#8221;][vc_column_text]A Dyer 360 fokos n\u00e9zeteket tud el\u0151\u00e1ll\u00edtani projektjeihez. Legyen sz\u00f3 ak\u00e1r bels\u0151 vagy k\u00fcls\u0151 t\u00e9rr\u0151l a 360 fokos n\u00e9zetek jelent\u0151sen \u00e9rthet\u0151bb k\u00e9pet k\u00f6zvet\u00edtenek terveinkr\u0151l mint a statikus l\u00e1tv\u00e1nytervek.[\/vc_column_text][\/vc_column_inner][vc_column_inner el_class=&#8221;serviceDescThumb panoramaphoto&#8221; width=&#8221;1\/2&#8243; css=&#8221;.vc_custom_1478773789812{padding-right: 40px !important;}&#8221;][vc_column_text]\n<div id=\"pano\"><\/div>\n[\/vc_column_text][\/vc_column_inner][\/vc_row_inner][\/vc_column][\/vc_row][vc_row el_class=&#8221;serviceDescItem&#8221; css=&#8221;.vc_custom_1539937710439{background-color: #f6f6f5 !important;}&#8221;][vc_column el_class=&#8221;wrapper&#8221;][vc_row_inner el_class=&#8221;wrapper&#8221;][vc_column_inner el_class=&#8221;serviceDescThumb&#8221; width=&#8221;1\/2&#8243; css=&#8221;.vc_custom_1478769047160{padding-left: 40px !important;}&#8221;][vc_single_image image=&#8221;3789&#8243; img_size=&#8221;full&#8221;][\/vc_column_inner][vc_column_inner el_class=&#8221;serviceDescText&#8221; width=&#8221;1\/2&#8243; css=&#8221;.vc_custom_1478769051900{padding-right: 40px !important;}&#8221;][vc_custom_heading text=&#8221;Bross\u00far\u00e1k, nyomdai anyagok&#8221; font_container=&#8221;tag:h4|text_align:left&#8221; use_theme_fonts=&#8221;yes&#8221;][vc_column_text]A Dyer r\u00f6vid hat\u00e1rid\u0151vel magas sz\u00ednvonalon k\u00e9pes kiszolg\u00e1lni a megrendel\u0151t vagy annak c\u00e9lk\u00f6z\u00f6ns\u00e9g\u00e9t, legyen az rekl\u00e1m c\u00e9l\u00fa vagy marketing kiadv\u00e1ny. Profi kiadv\u00e1ny mint\u00e1ink minden projekthez haszn\u00e1lhat\u00f3ak, de egyedi, \u00e9p\u00edt\u00e9szeti prezent\u00e1ci\u00f3khoz haszn\u00e1lt form\u00e1tumokat is k\u00e9sz\u00edt\u00fcnk. Ez seg\u00edti hozz\u00e1 megrendel\u0151inket ahhoz, hogy c\u00e9g\u00fck arculata megh\u00f3d\u00edtsa a megfelel\u0151 \u00fcgyfeleket.[\/vc_column_text][\/vc_column_inner][\/vc_row_inner][\/vc_column][\/vc_row]\n","protected":false},"excerpt":{"rendered":"<p>[vc_row el_class=&#8221;serviceDescItem rightOrientation&#8221; css=&#8221;.vc_custom_1539937948552{background-color: #ffffff !important;}&#8221;][vc_column el_class=&#8221;wrapper&#8221;][vc_row_inner el_class=&#8221;wrapper&#8221;][vc_column_inner el_class=&#8221;serviceDescText&#8221; width=&#8221;1\/2&#8243; css=&#8221;.vc_custom_1478769017559{padding-left: 40px !important;}&#8221;][vc_custom_heading text=&#8221;\u00c9p\u00fcletinform\u00e1ci\u00f3s modellez\u00e9s (BIM)&#8221; font_container=&#8221;tag:h4|text_align:right&#8221; use_theme_fonts=&#8221;yes&#8221;][vc_column_text]A BIM alap\u00fa modellez\u00e9s nem napjaink tal\u00e1lm\u00e1nya. Mi\u00f3ta a tervez\u0151programokkal 3D-s elemeket tudunk alkotni, folyamatosan a legt\u00f6bbet igyeksz\u00fcnk hasznos\u00edtani bel\u0151le, ugyanis ezzel \u00e9rhet\u0151 el a t\u00f6k\u00e9letes azonoss\u00e1g (virtu\u00e1lis modellre \u00e9p\u00fcl\u0151) tervek \u00e9s megval\u00f3sult objektum k\u00f6z\u00f6tt. DYER LOD-dal megalkottuk a saj\u00e1t BIM szintjeinket (LOD=Level&#8230;<\/p>\n","protected":false},"author":1,"featured_media":0,"parent":0,"menu_order":0,"comment_status":"closed","ping_status":"closed","template":"templ-contact.php","meta":[],"aioseo_notices":[],"_links":{"self":[{"href":"https:\/\/groupdyer.com\/hu\/wp-json\/wp\/v2\/pages\/5122"}],"collection":[{"href":"https:\/\/groupdyer.com\/hu\/wp-json\/wp\/v2\/pages"}],"about":[{"href":"https:\/\/groupdyer.com\/hu\/wp-json\/wp\/v2\/types\/page"}],"author":[{"embeddable":true,"href":"https:\/\/groupdyer.com\/hu\/wp-json\/wp\/v2\/users\/1"}],"replies":[{"embeddable":true,"href":"https:\/\/groupdyer.com\/hu\/wp-json\/wp\/v2\/comments?post=5122"}],"version-history":[{"count":38,"href":"https:\/\/groupdyer.com\/hu\/wp-json\/wp\/v2\/pages\/5122\/revisions"}],"predecessor-version":[{"id":6410,"href":"https:\/\/groupdyer.com\/hu\/wp-json\/wp\/v2\/pages\/5122\/revisions\/6410"}],"wp:attachment":[{"href":"https:\/\/groupdyer.com\/hu\/wp-json\/wp\/v2\/media?parent=5122"}],"curies":[{"name":"wp","href":"https:\/\/api.w.org\/{rel}","templated":true}]}}