{"id":4735,"date":"2016-02-11T12:28:26","date_gmt":"2016-02-11T12:28:26","guid":{"rendered":"http:\/\/www.dyercheltenham.co.uk\/hu\/practice\/"},"modified":"2018-10-31T19:22:54","modified_gmt":"2018-10-31T19:22:54","slug":"szolgaltatasok","status":"publish","type":"page","link":"https:\/\/groupdyer.com\/hu\/szolgaltatasok\/","title":{"rendered":"Szolg\u00e1ltat\u00e1sok"},"content":{"rendered":"[vc_row el_class=&#8221;serviceDescItem&#8221;][vc_column el_class=&#8221;wrapper&#8221;][vc_row_inner el_class=&#8221;wrapper&#8221;][vc_column_inner el_class=&#8221;serviceDescThumb&#8221; width=&#8221;1\/2&#8243; css=&#8221;.vc_custom_1478769012984{padding-right: 40px !important;}&#8221;][vc_single_image image=&#8221;3561&#8243; img_size=&#8221;full&#8221;][\/vc_column_inner][vc_column_inner el_class=&#8221;serviceDescText&#8221; width=&#8221;1\/2&#8243; css=&#8221;.vc_custom_1478769017559{padding-left: 40px !important;}&#8221;][vc_custom_heading text=&#8221;\u00c9p\u00edt\u00e9szet&#8221; font_container=&#8221;tag:h4|text_align:left&#8221; use_theme_fonts=&#8221;yes&#8221;][vc_column_text]Az \u00e9p\u00edt\u00e9szet a Dyer f\u0151 szolg\u00e1ltat\u00e1sa minden l\u00e9nyeges befektet\u00e9si szektorhoz a megfelel\u0151 szakemberekkel. Ezeken a szektorokon bel\u00fcl kiemelt felel\u0151ss\u00e9ggel kezelj\u00fck a kiv\u00e9teles szak\u00e9rtelem \u00e9s f\u00f3kusz\u00e1lt tud\u00e1sanyag fejl\u0151d\u00e9s\u00e9t \u00e9s alkalmaz\u00e1s\u00e1t. Az, hogy valami m\u00e1st ny\u00fajtunk, mindig alapvet\u0151 fontoss\u00e1g\u00fa volt \u00e9s lesz sikeress\u00e9g\u00fcnkh\u00f6z \u2013 ez az ami egyediv\u00e9 teszi a Dyer-t az \u00e9p\u00edt\u00e9szet \u00e9s design dinamikus \u00e9s versenyorient\u00e1lt vil\u00e1g\u00e1ban.<\/p>\n<p>Ami igaz\u00e1n egyedi benn\u00fcnk, az a k\u00e9pess\u00e9g[\/vc_column_text][vc_column_text]\u2022\u00a0 az egy\u00fcttm\u0171k\u00f6d\u00e9sre a hasonl\u00f3an gondolkod\u00f3 szervezetekkel<br \/>\n\u2022\u00a0 a folytonos technol\u00f3giai fejleszt\u00e9sre \u00e9s mindenkor kiv\u00e1l\u00f3 tervek el\u0151\u00e1ll\u00edt\u00e1s\u00e1ra<br \/>\n\u2022\u00a0 az \u00faj szektorokban \u00e9s piacokon val\u00f3 megfelel\u00e9sre[\/vc_column_text][vc_column_text]Ez vezet ahhoz, hogy megrendel\u0151ink \u201cvisszaj\u00e1rnak\u201d \u00e9s fenntarthat\u00f3 \u00fczleti strat\u00e9gi\u00e1t \u00e9p\u00edt\u00fcnk.[\/vc_column_text][\/vc_column_inner][\/vc_row_inner][\/vc_column][\/vc_row][vc_row el_class=&#8221;serviceDescItem rightOrientation&#8221; css=&#8221;.vc_custom_1478768550220{background-color: #f6f6f5 !important;}&#8221;][vc_column el_class=&#8221;wrapper&#8221;][vc_row_inner el_class=&#8221;wrapper&#8221;][vc_column_inner el_class=&#8221;serviceDescText&#8221; width=&#8221;1\/2&#8243; css=&#8221;.vc_custom_1478769051900{padding-right: 40px !important;}&#8221;][vc_custom_heading text=&#8221;Megval\u00f3s\u00edthat\u00f3s\u00e1gi vizsg\u00e1lat \u00e9s v\u00e1rostervez\u00e9s&#8221; font_container=&#8221;tag:h4|text_align:right|line_height:130%25&#8243; use_theme_fonts=&#8221;yes&#8221;][vc_column_text]A Dyer minden m\u00e9ret\u0171 \u00e9s t\u00edpus\u00fa be\u00e9p\u00edt\u00e9si koncepci\u00f3 tervez\u00e9s\u00e9hez rendelkezik tapasztalattal \u00e9s megfelel\u0151 m\u00f3dszertannal legyen az lak\u00f3\u00e9p\u00fclet, kereskedelmi vagy vegyes funkci\u00f3j\u00fa \u00e9p\u00fclet. Minden esetben testreszabott teamet \u00e1ll\u00edtunk fel, hogy a legjobb v\u00e1laszt adjuk a kih\u00edv\u00e1sokra. V\u00e1rostervez\u0151k, \u00e9p\u00edt\u00e9szek, k\u00f6rnyezettervez\u0151 m\u00e9rn\u00f6k\u00f6k, k\u00f6zleked\u00e9s tervez\u0151k tudnak egy\u00fctt dolgozni h\u00e1zon bel\u00fcl vagy partnereinken kereszt\u00fcl. Az el\u0151k\u00e9sz\u00fcletekt\u0151l a v\u00e9gs\u0151 f\u00e1zisokig olyan terveket k\u00e9sz\u00edt\u00fcnk, melyek:[\/vc_column_text][vc_column_text]\u2022\u00a0 rugalmas kereteket ny\u00fajtanak<\/p>\n<p>\u2022\u00a0 gazdas\u00e1gosan megval\u00f3s\u00edthat\u00f3ak, \u00e9rt\u00e9ket teremtenek \u00e9s maxim\u00e1lisan kihaszn\u00e1lj\u00e1k a lehet\u0151s\u00e9geket<\/p>\n<p>\u2022\u00a0 konzult\u00e1ci\u00f3 \u00e9s egy\u00fcttm\u0171k\u00f6d\u00e9s eredm\u00e9nyek\u00e9ppen sz\u00fcletnek<\/p>\n<p>\u2022\u00a0 tisztelik a k\u00f6z\u00f6ss\u00e9get \u00e9s az \u00e9p\u00edtett k\u00f6rnyezetet<\/p>\n<p>\u2022\u00a0 fenntarthat\u00f3 j\u00f6v\u0151t kommunik\u00e1lnak<\/p>\n<p>\u2022\u00a0 el\u0151seg\u00edtik a gyalogos k\u00f6zleked\u00e9st[\/vc_column_text][\/vc_column_inner][vc_column_inner el_class=&#8221;serviceDescThumb&#8221; width=&#8221;1\/2&#8243; css=&#8221;.vc_custom_1478769047160{padding-left: 40px !important;}&#8221;][vc_single_image image=&#8221;3563&#8243; img_size=&#8221;full&#8221;][\/vc_column_inner][\/vc_row_inner][\/vc_column][\/vc_row][vc_row el_class=&#8221;serviceDescItem&#8221;][vc_column el_class=&#8221;wrapper&#8221;][vc_row_inner el_class=&#8221;wrapper&#8221;][vc_column_inner el_class=&#8221;serviceDescThumb&#8221; width=&#8221;1\/2&#8243; css=&#8221;.vc_custom_1478769064102{padding-right: 40px !important;}&#8221;][vc_single_image image=&#8221;3565&#8243; img_size=&#8221;full&#8221;][\/vc_column_inner][vc_column_inner el_class=&#8221;serviceDescText&#8221; width=&#8221;1\/2&#8243; css=&#8221;.vc_custom_1478769057503{padding-left: 40px !important;}&#8221;][vc_custom_heading text=&#8221;Bels\u0151\u00e9p\u00edt\u00e9szet&#8221; font_container=&#8221;tag:h4|text_align:left&#8221; use_theme_fonts=&#8221;yes&#8221;][vc_column_text]A Dyern\u00e9l az \u00e9p\u00edt\u00e9szek \u00e9s bels\u0151\u00e9p\u00edt\u00e9szek szoros egy\u00fcttm\u0171k\u00f6d\u00e9se olyan atmoszf\u00e9r\u00e1t \u00e9s k\u00f6rnyezetet teremt, amely \u00f6szt\u00f6nz\u0151, ahol v\u00e9lem\u00e9nyek \u00fctk\u00f6znek \u00e9s eredm\u00e9nyek sz\u00fcletnek. Tapasztalatunk minden szektort lefed az irod\u00e1kt\u00f3l a kereskedelmi, sz\u00f3rakoztat\u00f3, oktat\u00e1si funkci\u00f3kon kereszt\u00fcl a lak\u00e1sbels\u0151kig. A Dyer szolg\u00e1ltat\u00e1sai k\u00f6z\u00f6tt megtal\u00e1lhat\u00f3:[\/vc_column_text][vc_column_text]\u2022\u00a0 arculattervez\u00e9s<\/p>\n<p>\u2022\u00a0 bels\u0151\u00e9p\u00edt\u00e9szet a koncepci\u00f3t\u00f3l a megval\u00f3s\u00edt\u00e1sig<\/p>\n<p>\u2022\u00a0 \u00e9p\u00fcletinform\u00e1ci\u00f3s felirat rendszerek tervez\u00e9se<\/p>\n<p>\u2022\u00a0 ki\u00e1ll\u00edt\u00e1stervez\u00e9s<\/p>\n<p>\u2022\u00a0 egyedi b\u00fatorok, belt\u00e9ri szerkezetek tervez\u00e9se[\/vc_column_text][vc_column_text]Tervez\u0151ink sz\u00e1mos ter\u00fcleten alkottak innovat\u00edv \u00e9s inspir\u00e1l\u00f3 munkahelyi, oktat\u00e1si \u00e9s eg\u00e9szs\u00e9g\u00fcgyi tereket az elm\u00falt t\u00f6bb mint 20 \u00e9v alatt. Ez id\u0151 alatt azt tapasztaltuk, hogy az oktat\u00e1si \u00e9s munkahelyi terekben egyre tudatosabban kell kezeni az \u00e9p\u00edtett k\u00f6rnyezet hat\u00e1s\u00e1t a haszn\u00e1l\u00f3kra. Szak\u00e9rtelm\u00fcnkkel az \u00f6szt\u00f6nz\u0151, de egyben praktikus terek tervez\u00e9s\u00e9ben jelent\u0151s hozz\u00e1adott \u00e9rt\u00e9ket teremtett\u00fcnk. Minden esetben j\u00f3l m\u0171k\u00f6d\u0151, fenntarthat\u00f3 k\u00f6rnyezetet teremt\u00fcnk, melyek bizony\u00edtj\u00e1k, hogy az \u00e1tgondolt tervez\u00e9s hat\u00e1ssal van a haszn\u00e1l\u00f3k \u00e9lm\u00e9ny\u00e9re, teljes\u00edtm\u00e9ny\u00e9re.[\/vc_column_text][\/vc_column_inner][\/vc_row_inner][\/vc_column][\/vc_row][vc_row el_class=&#8221;serviceDescItem rightOrientation&#8221; css=&#8221;.vc_custom_1478768540929{background-color: #f6f6f5 !important;}&#8221;][vc_column el_class=&#8221;wrapper&#8221;][vc_row_inner el_class=&#8221;wrapper&#8221;][vc_column_inner el_class=&#8221;serviceDescText&#8221; width=&#8221;1\/2&#8243; css=&#8221;.vc_custom_1478769104856{padding-right: 40px !important;}&#8221;][vc_custom_heading text=&#8221;K\u00f6rnyezetrendez\u00e9s&#8221; font_container=&#8221;tag:h4|text_align:right&#8221; use_theme_fonts=&#8221;yes&#8221;][vc_column_text]A Dyer k\u00f6rnyezet\u00e9p\u00edt\u00e9szeti terveiben arra t\u00f6rekszik, hogy innovat\u00edv megold\u00e1sokat ny\u00fajtson er\u0151s elk\u00f6telezetts\u00e9ggel a megrendel\u0151, \u00e9s a v\u00e1rosi k\u00f6rnyezet sz\u00e1m\u00e1ra egyar\u00e1nt. A Dyernek kiterjedt tapasztalata van k\u00f6rnyezetrendez\u00e9si tervek k\u00e9sz\u00edt\u00e9s\u00e9ben a v\u00edzi\u00f3t\u00f3l a megval\u00f3sul\u00e1sig. Gener\u00e1l tervez\u0151k\u00e9nt \u00e9s \u00e9p\u00edt\u00e9sz szak\u00e1gi tervez\u0151k\u00e9nt is feladatunknak r\u00e9sz\u00e9nek tekintj\u00fck az \u00e9p\u00fclettel val\u00f3 szimbi\u00f3zis\u00e1t. B\u00e1r munkar\u00e9szeink v\u00e1ltozatosak, mindig az a c\u00e9lunk, hogy magas min\u0151s\u00e9gben alkossunk eszt\u00e9tikus tereket, melyek harm\u00f3ni\u00e1ban vannak k\u00f6rnyezet\u00fckkel, h\u00edvogat\u00f3ak, j\u00f3l haszn\u00e1lhat\u00f3k \u00e9s hossz\u00fa \u00e9let\u0171ek.[\/vc_column_text][\/vc_column_inner][vc_column_inner el_class=&#8221;serviceDescThumb&#8221; width=&#8221;1\/2&#8243; css=&#8221;.vc_custom_1478769109693{padding-left: 40px !important;}&#8221;][vc_single_image image=&#8221;3863&#8243; img_size=&#8221;full&#8221;][\/vc_column_inner][\/vc_row_inner][\/vc_column][\/vc_row][vc_row el_class=&#8221;serviceDescItem&#8221;][vc_column el_class=&#8221;wrapper&#8221;][vc_row_inner el_class=&#8221;wrapper&#8221;][vc_column_inner el_class=&#8221;serviceDescThumb&#8221; width=&#8221;1\/2&#8243; css=&#8221;.vc_custom_1478769117079{padding-right: 40px !important;}&#8221;][vc_single_image image=&#8221;3569&#8243; img_size=&#8221;full&#8221;][\/vc_column_inner][vc_column_inner el_class=&#8221;serviceDescText&#8221; width=&#8221;1\/2&#8243; css=&#8221;.vc_custom_1478769121857{padding-left: 40px !important;}&#8221;][vc_custom_heading text=&#8221;Term\u00e9k- \u00e9s arculattervez\u00e9s&#8221; font_container=&#8221;tag:h4|text_align:left&#8221; use_theme_fonts=&#8221;yes&#8221;][vc_column_text]A Dyer tapasztalt term\u00e9ktervez\u0151kb\u0151l, arculattervez\u0151kb\u0151l \u00e9s grafikusokb\u00f3l \u00e1ll\u00f3 vegyes csapat, amely ezeket a szolg\u00e1ltat\u00e1sokat az \u00e9p\u00edt\u00e9szeti tervez\u00e9s r\u00e9szek\u00e9nt ny\u00fajtja. T\u00f6bb \u00e1gazatban is \u00e9rintett megrendel\u0151vel dolgozunk egy\u00fctt, d\u00edjnyertes megold\u00e1sokat sz\u00e1ll\u00edtva. Nem csak \u00e9p\u00fcleteket tervez\u00fcnk, hanem v\u00edzi\u00f3ink \u00e1ltal form\u00e1ljuk, fejlesztj\u00fck k\u00f6rnyezet\u00fcnket, mely kihat\u00e1ssal van az emberek \u00e9let\u00e9re. Ez\u00e9rt \u00f6szt\u00f6n\u00f6zz\u00fck megrendel\u0151inket, hogy mindig merjenek nagyot \u00e1lmodni, mik\u00f6zben mi t\u00e1mogatjuk \u0151ket c\u00e9ljaik el\u00e9r\u00e9s\u00e9ben.[\/vc_column_text][\/vc_column_inner][\/vc_row_inner][\/vc_column][\/vc_row][vc_row el_class=&#8221;serviceDescItem rightOrientation&#8221; css=&#8221;.vc_custom_1478768058061{background-color: #f6f6f5 !important;}&#8221;][vc_column el_class=&#8221;wrapper&#8221;][vc_row_inner el_class=&#8221;wrapper&#8221;][vc_column_inner el_class=&#8221;serviceDescText&#8221; width=&#8221;1\/2&#8243;][vc_custom_heading text=&#8221;Virtu\u00e1lis val\u00f3s\u00e1g&#8221; font_container=&#8221;tag:h4|text_align:right&#8221; use_theme_fonts=&#8221;yes&#8221;][vc_column_text]A Dyer a cs\u00facstechnol\u00f3gi\u00e1ra \u00e9p\u00edt, k\u00fcl\u00f6n\u00f6s tekintettel az \u00e9p\u00edt\u00e9szeti virtu\u00e1lis val\u00f3s\u00e1g alkalmaz\u00e1s\u00e1ra, megteremtve ezzel a lehet\u0151s\u00e9get megrendel\u0151ink sz\u00e1m\u00e1ra, hogy m\u00e9g azel\u0151tt bej\u00e1rj\u00e1k a az \u00faj szerkezetet vagy k\u00f6rnyezetet miel\u0151tt az \u00e9p\u00edtkez\u00e9s elkezd\u0151dne. A virtu\u00e1lis val\u00f3s\u00e1gban megfoghat\u00f3v\u00e1 v\u00e1lik a l\u00e9pt\u00e9k, amit egy 2D terv nem k\u00e9pes \u00e1tadni.[\/vc_column_text][\/vc_column_inner][vc_column_inner el_class=&#8221;serviceDescThumb&#8221; width=&#8221;1\/2&#8243;][vc_single_image image=&#8221;4045&#8243; img_size=&#8221;full&#8221;][\/vc_column_inner][\/vc_row_inner][\/vc_column][\/vc_row]\n","protected":false},"excerpt":{"rendered":"<p>[vc_row el_class=&#8221;serviceDescItem&#8221;][vc_column el_class=&#8221;wrapper&#8221;][vc_row_inner el_class=&#8221;wrapper&#8221;][vc_column_inner el_class=&#8221;serviceDescThumb&#8221; width=&#8221;1\/2&#8243; css=&#8221;.vc_custom_1478769012984{padding-right: 40px !important;}&#8221;][vc_single_image image=&#8221;3561&#8243; img_size=&#8221;full&#8221;][\/vc_column_inner][vc_column_inner el_class=&#8221;serviceDescText&#8221; width=&#8221;1\/2&#8243; css=&#8221;.vc_custom_1478769017559{padding-left: 40px !important;}&#8221;][vc_custom_heading text=&#8221;\u00c9p\u00edt\u00e9szet&#8221; font_container=&#8221;tag:h4|text_align:left&#8221; use_theme_fonts=&#8221;yes&#8221;][vc_column_text]Az \u00e9p\u00edt\u00e9szet a Dyer f\u0151 szolg\u00e1ltat\u00e1sa minden l\u00e9nyeges befektet\u00e9si szektorhoz a megfelel\u0151 szakemberekkel. Ezeken a szektorokon bel\u00fcl kiemelt felel\u0151ss\u00e9ggel kezelj\u00fck a kiv\u00e9teles szak\u00e9rtelem \u00e9s f\u00f3kusz\u00e1lt tud\u00e1sanyag fejl\u0151d\u00e9s\u00e9t \u00e9s alkalmaz\u00e1s\u00e1t. Az, hogy valami m\u00e1st ny\u00fajtunk, mindig alapvet\u0151 fontoss\u00e1g\u00fa volt \u00e9s lesz sikeress\u00e9g\u00fcnkh\u00f6z \u2013&#8230;<\/p>\n","protected":false},"author":1,"featured_media":2147,"parent":0,"menu_order":0,"comment_status":"closed","ping_status":"closed","template":"templ-service.php","meta":[],"aioseo_notices":[],"_links":{"self":[{"href":"https:\/\/groupdyer.com\/hu\/wp-json\/wp\/v2\/pages\/4735"}],"collection":[{"href":"https:\/\/groupdyer.com\/hu\/wp-json\/wp\/v2\/pages"}],"about":[{"href":"https:\/\/groupdyer.com\/hu\/wp-json\/wp\/v2\/types\/page"}],"author":[{"embeddable":true,"href":"https:\/\/groupdyer.com\/hu\/wp-json\/wp\/v2\/users\/1"}],"replies":[{"embeddable":true,"href":"https:\/\/groupdyer.com\/hu\/wp-json\/wp\/v2\/comments?post=4735"}],"version-history":[{"count":45,"href":"https:\/\/groupdyer.com\/hu\/wp-json\/wp\/v2\/pages\/4735\/revisions"}],"predecessor-version":[{"id":6261,"href":"https:\/\/groupdyer.com\/hu\/wp-json\/wp\/v2\/pages\/4735\/revisions\/6261"}],"wp:featuredmedia":[{"embeddable":true,"href":"https:\/\/groupdyer.com\/hu\/wp-json\/wp\/v2\/media\/2147"}],"wp:attachment":[{"href":"https:\/\/groupdyer.com\/hu\/wp-json\/wp\/v2\/media?parent=4735"}],"curies":[{"name":"wp","href":"https:\/\/api.w.org\/{rel}","templated":true}]}}