{"id":4730,"date":"2016-09-08T07:39:25","date_gmt":"2016-09-08T07:39:25","guid":{"rendered":"http:\/\/www.dyercheltenham.co.uk\/hu\/big-architecture\/"},"modified":"2016-11-07T17:11:45","modified_gmt":"2016-11-07T17:11:45","slug":"nagy-epiteszet","status":"publish","type":"page","link":"https:\/\/groupdyer.com\/hu\/nagy-epiteszet\/","title":{"rendered":"Nagy \u00e9p\u00edt\u00e9szet"},"content":{"rendered":"","protected":false},"excerpt":{"rendered":"","protected":false},"author":1,"featured_media":0,"parent":0,"menu_order":0,"comment_status":"closed","ping_status":"closed","template":"templ-portfolio-three.php","meta":[],"aioseo_notices":[],"_links":{"self":[{"href":"https:\/\/groupdyer.com\/hu\/wp-json\/wp\/v2\/pages\/4730"}],"collection":[{"href":"https:\/\/groupdyer.com\/hu\/wp-json\/wp\/v2\/pages"}],"about":[{"href":"https:\/\/groupdyer.com\/hu\/wp-json\/wp\/v2\/types\/page"}],"author":[{"embeddable":true,"href":"https:\/\/groupdyer.com\/hu\/wp-json\/wp\/v2\/users\/1"}],"replies":[{"embeddable":true,"href":"https:\/\/groupdyer.com\/hu\/wp-json\/wp\/v2\/comments?post=4730"}],"version-history":[{"count":1,"href":"https:\/\/groupdyer.com\/hu\/wp-json\/wp\/v2\/pages\/4730\/revisions"}],"predecessor-version":[{"id":4731,"href":"https:\/\/groupdyer.com\/hu\/wp-json\/wp\/v2\/pages\/4730\/revisions\/4731"}],"wp:attachment":[{"href":"https:\/\/groupdyer.com\/hu\/wp-json\/wp\/v2\/media?parent=4730"}],"curies":[{"name":"wp","href":"https:\/\/api.w.org\/{rel}","templated":true}]}}