{"id":4728,"date":"2016-02-11T12:27:26","date_gmt":"2016-02-11T12:27:26","guid":{"rendered":"http:\/\/www.dyercheltenham.co.uk\/hu\/architecture\/"},"modified":"2018-11-09T11:40:02","modified_gmt":"2018-11-09T11:40:02","slug":"epiteszet","status":"publish","type":"page","link":"https:\/\/groupdyer.com\/hu\/epiteszet\/","title":{"rendered":"\u00c9p\u00edt\u00e9szet"},"content":{"rendered":"","protected":false},"excerpt":{"rendered":"","protected":false},"author":1,"featured_media":0,"parent":0,"menu_order":0,"comment_status":"closed","ping_status":"closed","template":"templ-portfolio-one.php","meta":[],"aioseo_notices":[],"_links":{"self":[{"href":"https:\/\/groupdyer.com\/hu\/wp-json\/wp\/v2\/pages\/4728"}],"collection":[{"href":"https:\/\/groupdyer.com\/hu\/wp-json\/wp\/v2\/pages"}],"about":[{"href":"https:\/\/groupdyer.com\/hu\/wp-json\/wp\/v2\/types\/page"}],"author":[{"embeddable":true,"href":"https:\/\/groupdyer.com\/hu\/wp-json\/wp\/v2\/users\/1"}],"replies":[{"embeddable":true,"href":"https:\/\/groupdyer.com\/hu\/wp-json\/wp\/v2\/comments?post=4728"}],"version-history":[{"count":8,"href":"https:\/\/groupdyer.com\/hu\/wp-json\/wp\/v2\/pages\/4728\/revisions"}],"predecessor-version":[{"id":6427,"href":"https:\/\/groupdyer.com\/hu\/wp-json\/wp\/v2\/pages\/4728\/revisions\/6427"}],"wp:attachment":[{"href":"https:\/\/groupdyer.com\/hu\/wp-json\/wp\/v2\/media?parent=4728"}],"curies":[{"name":"wp","href":"https:\/\/api.w.org\/{rel}","templated":true}]}}